{"id":4084,"date":"2023-06-26T21:22:51","date_gmt":"2023-06-26T21:22:51","guid":{"rendered":"https:\/\/jakobus.yourdemo.dev\/startseite\/"},"modified":"2024-04-04T18:59:40","modified_gmt":"2024-04-04T18:59:40","slug":"startseite","status":"publish","type":"page","link":"https:\/\/jakobus.yourdemo.dev\/en\/","title":{"rendered":"Home"},"content":{"rendered":"<div class=\"wpb-content-wrapper\"><p>[vc_section disable_element=&#8221;yes&#8221; el_class=&#8221;top-banner-wrapper&#8221;][vc_row full_width=&#8221;stretch_row_content_no_spaces&#8221;][vc_column]<div class=\"custom-top-slider\"><div class=\"css-parallax img-box\" style=\"background-image: url(https:\/\/jakobus.yourdemo.dev\/wp-content\/uploads\/2023\/06\/banner-home.jpg)\"><div class=\"container relative\"><div class=\"text-box\"><div class=\"title-box\"><h1 class=\"entry-title\">St. Jakobus-Gesellschaft Rheinland-Pfalz-Saarland e. V.<\/h1><div class=\"wpb_text_column\"><p>Wir freuen uns, dass Sie uns gefunden haben!<br \/>\nWir sind f\u00fcr Sie da.<\/p><\/div><\/div><div class=\"content-box\"><div class=\"wpb_text_column two-columns\"><p>\u201cEl Mundo est\u00e1 en manos de aquellos que tienen el coraje de so\u00f1ar y de correr el riesgo de vivir sus sue\u00f1os.\u201d<\/p>\n<p>The world is in the hands of those who have the courage to dream and dare to live their dreams.<\/p>\n<p>Found in Cafe de La Paix, Lima, Peru<\/p>\n<\/div><\/div><\/div><\/div><\/div><\/div>[\/vc_column][\/vc_row][\/vc_section][vc_section el_class=&#8221;top-banner-wrapper&#8221; css=&#8221;.vc_custom_1695678913266{background-image: url(https:\/\/jakobus.yourdemo.dev\/wp-content\/uploads\/2023\/06\/banner-home.jpg?id=23) !important;}&#8221;][vc_row el_class=&#8221;tablet-row&#8221;][vc_column width=&#8221;1\/2&#8243;][vc_custom_heading text=&#8221;Englisch<br \/>\nSt. Jakobus-Gesellschaft Rheinland-Pfalz-Saarland e. V.&#8221; font_container=&#8221;tag:h1|text_align:left&#8221; use_theme_fonts=&#8221;yes&#8221;][vc_row_inner][vc_column_inner width=&#8221;1\/2&#8243;][vc_column_text]<\/p>\n<blockquote><p>\u201cEl Mundo est\u00e1 en manos de aquellos que tienen el coraje de so\u00f1ar y de correr el riesgo de vivir sus sue\u00f1os.\u201d<\/p><\/blockquote>\n<p>[\/vc_column_text][\/vc_column_inner][vc_column_inner width=&#8221;1\/2&#8243;][vc_column_text]<\/p>\n<blockquote><p>The world is in the hands of those who have the courage to dream and dare to live their dreams.<\/p>\n<p><cite>Found in Cafe de La Paix, Lima, Peru<\/cite><\/p><\/blockquote>\n<p>[\/vc_column_text][\/vc_column_inner][\/vc_row_inner][\/vc_column][vc_column width=&#8221;1\/2&#8243;][vc_single_image image=&#8221;2502&#8243; img_size=&#8221;full&#8221; alignment=&#8221;center&#8221;][\/vc_column][\/vc_row][\/vc_section][vc_section css=&#8221;.vc_custom_1697017865573{background-color: #fff6d4 !important;}&#8221; el_id=&#8221;geschichte&#8221;][vc_row][vc_column]<div class=\"custom-content wpb_content_element text-left two-columns \"><div class=\"title-box\"><h3 class=\"entry-title\">Herkunft und Geschichte unserer Gesellschaft<\/h3><a href=\"#\" target=\"_self\" class=\"more-link\">Unsere Geschichte<\/a><\/div><div class=\"content-box\"><div class=\"wpb_text_column\"><p>Am 25. Juli 2005 hat sich in Mainz die St. Jakobus-Gesellschaft Rheinland-Pfalz-Saarland als eingetragener Verein gegr\u00fcndet. Die Gemeinschaft hat sich dem Ziel verschrieben, die Pilgerschaft nach Santiago de Compostela in ihren religi\u00f6sen, kulturellen und wissenschaftlichen Aspekten zu f\u00f6rdern.<\/p>\n<p>Dies ist in aller K\u00fcrze der Zweck der Vereinsgr\u00fcndung. Wenn Sie mehr wissen wollen, so k\u00f6nnen Sie die <a href=\"#\">Satzung<\/a> einsehen und bei Bedarf ausdrucken.<br \/>\nGrundlage f\u00fcr unsere Satzung ist die der Fr\u00e4nkischen St. Jakobus-Gesellschaft, die uns freundlicherweise zugestanden hat, die ihre zu verwenden.<\/p>\n<\/div><\/div><\/div>[\/vc_column][\/vc_row][\/vc_section][vc_section el_id=&#8221;lorem&#8221; el_class=&#8221;text-light&#8221; css=&#8221;.vc_custom_1695824723432{background: #145c9e url(https:\/\/jakobus.yourdemo.dev\/wp-content\/uploads\/2023\/09\/bg-grid.png?id=246) !important;}&#8221;][vc_row el_class=&#8221;tablet-row&#8221;][vc_column width=&#8221;2\/3&#8243;][vc_custom_heading text=&#8221;Deine Vorteile auf<br \/>\neinen Blick&#8221; use_theme_fonts=&#8221;yes&#8221; el_class=&#8221;large-offset&#8221;]<div class=\"wpb_text_column text-lg wpb_content_element\"><p>Durch Ihren Mitgliedbeitrag schaffen Sie uns die M\u00f6glichkeit, Ihnen Vorteile gegen\u00fcber Nichtmitgliedern zukommen zu lassen.<\/p>\n<p>Zum Beispiel erhalten Sie:<\/p>\n<\/div><ul class=\"icon-list wpb_content_element two-columns\"><li><div class=\"icon\"><img loading=\"lazy\" decoding=\"async\" width=\"1\" height=\"1\" src=\"https:\/\/jakobus.yourdemo.dev\/wp-content\/uploads\/2023\/09\/icon-shell_yellow.svg\" class=\"attachment-thumbnail size-thumbnail\" alt=\"\" \/><\/div>Den regionalen Pilgerausweis kostenlos<\/li><li><div class=\"icon\"><img loading=\"lazy\" decoding=\"async\" width=\"1\" height=\"1\" src=\"https:\/\/jakobus.yourdemo.dev\/wp-content\/uploads\/2023\/09\/icon-shell_yellow.svg\" class=\"attachment-thumbnail size-thumbnail\" alt=\"\" \/><\/div>Den internationalen Pilgerausweis kostenlos<\/li><li><div class=\"icon\"><img loading=\"lazy\" decoding=\"async\" width=\"1\" height=\"1\" src=\"https:\/\/jakobus.yourdemo.dev\/wp-content\/uploads\/2023\/09\/icon-shell_yellow.svg\" class=\"attachment-thumbnail size-thumbnail\" alt=\"\" \/><\/div>Den Jakobsmuschel-Pin als Zeichen der Mitgliedschaft ebenfalls kostenlos und<\/li><li><div class=\"icon\"><img loading=\"lazy\" decoding=\"async\" width=\"1\" height=\"1\" src=\"https:\/\/jakobus.yourdemo.dev\/wp-content\/uploads\/2023\/09\/icon-shell_yellow.svg\" class=\"attachment-thumbnail size-thumbnail\" alt=\"\" \/><\/div>Werden fortlaufend \u00fcber Neues aus der Gesellschaft informiert<\/li><li><div class=\"icon\"><img loading=\"lazy\" decoding=\"async\" width=\"1\" height=\"1\" src=\"https:\/\/jakobus.yourdemo.dev\/wp-content\/uploads\/2023\/09\/icon-shell_yellow.svg\" class=\"attachment-thumbnail size-thumbnail\" alt=\"\" \/><\/div>Mit dem Mitgliedsausweis bei verschiedenen Kooperationspartnern Rabatte<\/li><li><div class=\"icon\"><img loading=\"lazy\" decoding=\"async\" width=\"1\" height=\"1\" src=\"https:\/\/jakobus.yourdemo.dev\/wp-content\/uploads\/2023\/09\/icon-shell_yellow.svg\" class=\"attachment-thumbnail size-thumbnail\" alt=\"\" \/><\/div>Unter Vorlage des Mitgliedausweises erhalten Sie auf Ihren Einkauf \u2013 Ausnahme sind B\u00fccher \u2013 10 % Rabatt<\/li><li><div class=\"icon\"><img loading=\"lazy\" decoding=\"async\" width=\"1\" height=\"1\" src=\"https:\/\/jakobus.yourdemo.dev\/wp-content\/uploads\/2023\/09\/icon-shell_yellow.svg\" class=\"attachment-thumbnail size-thumbnail\" alt=\"\" \/><\/div>Unter Vorlage des Mitgliedausweises erhalten Sie auf Ihren Einkauf - 10 % Rabatt bei Horizont Outdoor<\/li><li><div class=\"icon\"><img loading=\"lazy\" decoding=\"async\" width=\"1\" height=\"1\" src=\"https:\/\/jakobus.yourdemo.dev\/wp-content\/uploads\/2023\/09\/icon-shell_yellow.svg\" class=\"attachment-thumbnail size-thumbnail\" alt=\"\" \/><\/div>Bietzer M\u00fchlenbrand Edelobstbrennerei Inhaberin Mechthild Rausch Zum M\u00fchlengrund<\/li><\/ul><div class=\"btn-wrapper wpb_content_element text-left\"><a href=\"https:\/\/jakobus.yourdemo.dev\/wp-content\/uploads\/2023\/10\/Beitrittserklaerung.pdf\" target=\"_blank\" class=\"custom-btn light  \">Mitglied werden<\/a><\/div>[vc_column_text el_class=&#8221;text-sm&#8221;]<a href=\"https:\/\/jakobus.yourdemo.dev\/wp-content\/uploads\/2023\/10\/Einzugsermaechtigung.pdf\" target=\"_blank\" rel=\"noopener\">Einzugserm\u00e4chtigung<\/a><br \/>\n<a href=\"https:\/\/jakobus.yourdemo.dev\/wp-content\/uploads\/2023\/10\/Datenschutzrechtliche.pdf\" target=\"_blank\" rel=\"noopener\">Datenschutzrechtliche<\/a>[\/vc_column_text][\/vc_column][vc_column width=&#8221;1\/3&#8243;]<div class=\"custom-image wpb_content_element align-center\"><figure class=\"img-box size-lg \" style=\"background-image: url(https:\/\/jakobus.yourdemo.dev\/wp-content\/uploads\/2023\/09\/bild-startseite_2.jpg)\"><\/figure><\/div>[\/vc_column][\/vc_row][\/vc_section][vc_section][vc_row][vc_column]<div class=\"custom-content wpb_content_element text-left two-columns title-above\"><div class=\"title-box\"><h3 class=\"entry-title\">Pilgertemine<\/h3><\/div><div class=\"content-box\"><div class=\"wpb_text_column\"><p>Wir m\u00f6chten Sie \u00fcber wichtige Veranstaltungen unserer Gesellschaft informieren, damit Sie je nach Interesse daran teilnehmen k\u00f6nnen. \u00dcber diese Aufstellung hinaus finden Sie bei den einzelnen <a href=\"#\">Regionalgruppen<\/a> weitere Termine, welche die Arbeit in den Regionen wiederspiegeln.<\/p>\n<p>Damit Sie die aktuellen Veranstaltungen immer auf den ersten Blick finden k\u00f6nnen, wird ein Ereignis 14 Tage, nachdem es stattgefunden hat, automatisch ins Archiv gesetzt. Somit r\u00fccken die zeitnahen Termine immer weiter nach vorne in der Veranstaltungsreihe. Im Archiv k\u00f6nnen Sie alles \u00fcber gewesene Veranstaltungen nachlesen.<\/p>\n<\/div><a href=\"#\" target=\"_self\" class=\"more-link\">Zum Kalendar<\/a><\/div><\/div>[\/vc_column][\/vc_row][\/vc_section][vc_section][vc_row full_width=&#8221;stretch_row_content_no_spaces&#8221;][vc_column][\/vc_column][\/vc_row][\/vc_section][vc_section el_id=&#8221;regionalgruppen&#8221;][vc_row full_width=&#8221;stretch_row_content_no_spaces&#8221;][vc_column]<div class=\"page-teaser wpb_content_element\"><div class=\"title-box text-left\"><div><h3 class=\"entry-title\">Unsere Regionalgruppen<\/h3><div class=\"wpb_text_column\"><p>Lorem ipsum dolor sit amet, consectetur adipiscing elit.<\/p><\/div><\/div><a href=\"#\" target=\"_self\" class=\"custom-btn outline\">Alle anzeigen<\/a><\/div><div class=\"swiper page-slider\"><div class=\"swiper-wrapper\"><\/div><div class=\"slider-controls\"><div class=\"swiper-scrollbar page-swiper-scrollbar\"><\/div><div class=\"swiper-nav-wrapper\"><div class=\"swiper-button-prev page-slider-button-prev\"><\/div><div class=\"swiper-button-next page-slider-button-next\"><\/div><\/div><\/div><\/div><\/div>[\/vc_column][\/vc_row][\/vc_section][vc_section css=&#8221;.vc_custom_1695768196555{background-color: #fff6d4 !important;}&#8221; el_id=&#8221;bildergalerie&#8221;][vc_row][vc_column]<div class=\"custom-gallery wpb_content_element\"><h2 class=\"entry-title\">Bildergalerie<\/h2><div class=\"flexbox has-slider\"><a href=\"https:\/\/jakobus.yourdemo.dev\/wp-content\/uploads\/2023\/06\/galerie-1.jpg\" data-fancybox=\"gallery\"><img loading=\"lazy\" decoding=\"async\" width=\"800\" height=\"533\" src=\"https:\/\/jakobus.yourdemo.dev\/wp-content\/uploads\/2023\/06\/galerie-1.jpg\" class=\"attachment-large size-large\" alt=\"\" srcset=\"https:\/\/jakobus.yourdemo.dev\/wp-content\/uploads\/2023\/06\/galerie-1.jpg 800w, https:\/\/jakobus.yourdemo.dev\/wp-content\/uploads\/2023\/06\/galerie-1-300x200.jpg 300w, https:\/\/jakobus.yourdemo.dev\/wp-content\/uploads\/2023\/06\/galerie-1-768x512.jpg 768w\" sizes=\"auto, (max-width: 800px) 100vw, 800px\" \/><\/a><a href=\"https:\/\/jakobus.yourdemo.dev\/wp-content\/uploads\/2023\/06\/galerie-2.jpg\" data-fancybox=\"gallery\"><img loading=\"lazy\" decoding=\"async\" width=\"800\" height=\"600\" src=\"https:\/\/jakobus.yourdemo.dev\/wp-content\/uploads\/2023\/06\/galerie-2.jpg\" class=\"attachment-large size-large\" alt=\"\" srcset=\"https:\/\/jakobus.yourdemo.dev\/wp-content\/uploads\/2023\/06\/galerie-2.jpg 800w, https:\/\/jakobus.yourdemo.dev\/wp-content\/uploads\/2023\/06\/galerie-2-300x225.jpg 300w, https:\/\/jakobus.yourdemo.dev\/wp-content\/uploads\/2023\/06\/galerie-2-768x576.jpg 768w\" sizes=\"auto, (max-width: 800px) 100vw, 800px\" \/><\/a><a href=\"https:\/\/jakobus.yourdemo.dev\/wp-content\/uploads\/2023\/06\/galerie-3.jpg\" data-fancybox=\"gallery\"><img loading=\"lazy\" decoding=\"async\" width=\"800\" height=\"600\" src=\"https:\/\/jakobus.yourdemo.dev\/wp-content\/uploads\/2023\/06\/galerie-3.jpg\" class=\"attachment-large size-large\" alt=\"\" srcset=\"https:\/\/jakobus.yourdemo.dev\/wp-content\/uploads\/2023\/06\/galerie-3.jpg 800w, https:\/\/jakobus.yourdemo.dev\/wp-content\/uploads\/2023\/06\/galerie-3-300x225.jpg 300w, https:\/\/jakobus.yourdemo.dev\/wp-content\/uploads\/2023\/06\/galerie-3-768x576.jpg 768w\" sizes=\"auto, (max-width: 800px) 100vw, 800px\" \/><\/a><a href=\"https:\/\/jakobus.yourdemo.dev\/wp-content\/uploads\/2023\/06\/galerie-4.jpg\" data-fancybox=\"gallery\"><img loading=\"lazy\" decoding=\"async\" width=\"800\" height=\"600\" src=\"https:\/\/jakobus.yourdemo.dev\/wp-content\/uploads\/2023\/06\/galerie-4.jpg\" class=\"attachment-large size-large\" alt=\"\" srcset=\"https:\/\/jakobus.yourdemo.dev\/wp-content\/uploads\/2023\/06\/galerie-4.jpg 800w, https:\/\/jakobus.yourdemo.dev\/wp-content\/uploads\/2023\/06\/galerie-4-300x225.jpg 300w, https:\/\/jakobus.yourdemo.dev\/wp-content\/uploads\/2023\/06\/galerie-4-768x576.jpg 768w\" sizes=\"auto, (max-width: 800px) 100vw, 800px\" \/><\/a><a href=\"https:\/\/jakobus.yourdemo.dev\/wp-content\/uploads\/2023\/06\/galerie-5.jpg\" data-fancybox=\"gallery\"><img loading=\"lazy\" decoding=\"async\" width=\"800\" height=\"533\" src=\"https:\/\/jakobus.yourdemo.dev\/wp-content\/uploads\/2023\/06\/galerie-5.jpg\" class=\"attachment-large size-large\" alt=\"\" srcset=\"https:\/\/jakobus.yourdemo.dev\/wp-content\/uploads\/2023\/06\/galerie-5.jpg 800w, https:\/\/jakobus.yourdemo.dev\/wp-content\/uploads\/2023\/06\/galerie-5-300x200.jpg 300w, https:\/\/jakobus.yourdemo.dev\/wp-content\/uploads\/2023\/06\/galerie-5-768x512.jpg 768w\" sizes=\"auto, (max-width: 800px) 100vw, 800px\" \/><\/a><a href=\"https:\/\/jakobus.yourdemo.dev\/wp-content\/uploads\/2023\/06\/galerie-6.jpg\" data-fancybox=\"gallery\"><img loading=\"lazy\" decoding=\"async\" width=\"800\" height=\"533\" src=\"https:\/\/jakobus.yourdemo.dev\/wp-content\/uploads\/2023\/06\/galerie-6.jpg\" class=\"attachment-large size-large\" alt=\"\" srcset=\"https:\/\/jakobus.yourdemo.dev\/wp-content\/uploads\/2023\/06\/galerie-6.jpg 800w, https:\/\/jakobus.yourdemo.dev\/wp-content\/uploads\/2023\/06\/galerie-6-300x200.jpg 300w, https:\/\/jakobus.yourdemo.dev\/wp-content\/uploads\/2023\/06\/galerie-6-768x512.jpg 768w\" sizes=\"auto, (max-width: 800px) 100vw, 800px\" \/><\/a><\/div><div class=\"text-center\"><a href=\"#\" target=\"_self\" class=\"custom-btn\">Alle anzeigen<\/a><\/div><\/div>[\/vc_column][\/vc_row][\/vc_section]<\/p>\n<\/div>","protected":false},"excerpt":{"rendered":"<p>[vc_section disable_element=&#8221;yes&#8221; el_class=&#8221;top-banner-wrapper&#8221;][vc_row full_width=&#8221;stretch_row_content_no_spaces&#8221;][vc_column][\/vc_column][\/vc_row][\/vc_section][vc_section el_class=&#8221;top-banner-wrapper&#8221; css=&#8221;.vc_custom_1695678913266{background-image: url(https:\/\/jakobus.yourdemo.dev\/wp-content\/uploads\/2023\/06\/banner-home.jpg?id=23) !important;}&#8221;][vc_row el_class=&#8221;tablet-row&#8221;][vc_column width=&#8221;1\/2&#8243;][vc_custom_heading text=&#8221;Englisch St. Jakobus-Gesellschaft Rheinland-Pfalz-Saarland e. V.&#8221; font_container=&#8221;tag:h1|text_align:left&#8221; use_theme_fonts=&#8221;yes&#8221;][vc_row_inner][vc_column_inner width=&#8221;1\/2&#8243;][vc_column_text] \u201cEl Mundo est\u00e1 en manos de aquellos que tienen el coraje [&hellip;]<\/p>\n","protected":false},"author":3,"featured_media":0,"parent":0,"menu_order":0,"comment_status":"closed","ping_status":"closed","template":"","meta":{"_acf_changed":false,"_price":"","_stock":"","_tribe_ticket_header":"","_tribe_default_ticket_provider":"","_tribe_ticket_capacity":"0","_ticket_start_date":"","_ticket_end_date":"","_tribe_ticket_show_description":"","_tribe_ticket_show_not_going":false,"_tribe_ticket_use_global_stock":"","_tribe_ticket_global_stock_level":"","_global_stock_mode":"","_global_stock_cap":"","_tribe_rsvp_for_event":"","_tribe_ticket_going_count":"","_tribe_ticket_not_going_count":"","_tribe_tickets_list":"[]","_tribe_ticket_has_attendee_info_fields":false,"footnotes":"","_tec_slr_enabled":"","_tec_slr_layout":""},"class_list":["post-4084","page","type-page","status-publish","hentry"],"acf":[],"ticketed":false,"_links":{"self":[{"href":"https:\/\/jakobus.yourdemo.dev\/en\/wp-json\/wp\/v2\/pages\/4084","targetHints":{"allow":["GET"]}}],"collection":[{"href":"https:\/\/jakobus.yourdemo.dev\/en\/wp-json\/wp\/v2\/pages"}],"about":[{"href":"https:\/\/jakobus.yourdemo.dev\/en\/wp-json\/wp\/v2\/types\/page"}],"author":[{"embeddable":true,"href":"https:\/\/jakobus.yourdemo.dev\/en\/wp-json\/wp\/v2\/users\/3"}],"replies":[{"embeddable":true,"href":"https:\/\/jakobus.yourdemo.dev\/en\/wp-json\/wp\/v2\/comments?post=4084"}],"version-history":[{"count":1,"href":"https:\/\/jakobus.yourdemo.dev\/en\/wp-json\/wp\/v2\/pages\/4084\/revisions"}],"predecessor-version":[{"id":4085,"href":"https:\/\/jakobus.yourdemo.dev\/en\/wp-json\/wp\/v2\/pages\/4084\/revisions\/4085"}],"wp:attachment":[{"href":"https:\/\/jakobus.yourdemo.dev\/en\/wp-json\/wp\/v2\/media?parent=4084"}],"curies":[{"name":"wp","href":"https:\/\/api.w.org\/{rel}","templated":true}]}}